{"id":1097,"date":"2021-02-27T15:40:08","date_gmt":"2021-02-27T14:40:08","guid":{"rendered":"http:\/\/experiencesophro.com\/?page_id=1097"},"modified":"2026-01-23T11:00:57","modified_gmt":"2026-01-23T10:00:57","slug":"atelier-decouverte-futures-mamans","status":"publish","type":"page","link":"https:\/\/experiencesophro.com\/index.php\/atelier-decouverte-futures-mamans\/","title":{"rendered":"Sophrologie &#038; Grossesse: Atelier D\u00e9couverte &lsquo;Futures Mamans&rsquo;"},"content":{"rendered":"\n<p>Si vous \u00eates<strong> enceinte<\/strong> et cherchez un mode de pr\u00e9paration \u00e0 la maternit\u00e9 alliant<strong> corps<\/strong> et <strong>esprit<\/strong>, cet atelier est fait pour vous!<\/p>\n\n\n\n<p>Cette s\u00e9ance d&rsquo;introduction vous permettra de faire l&rsquo;exp\u00e9rience des <strong>bienfaits de la Sophrologie<\/strong>: une m\u00e9thode et une pratique de d\u00e9veloppement personnel qui vise \u00e0 harmoniser le corps et l&rsquo;esprit afin d&rsquo;apporter ou de restaurer bien-\u00eatre g\u00e9n\u00e9ral et \u00e9quilibre int\u00e9rieur.<\/p>\n\n\n\n<p><strong>Les Objectifs<\/strong><br>Cet atelier vous aidera \u00e0 :<br>\u2013 rel\u00e2cher vos<strong> tensions<\/strong> et apaiser votre <strong>stress<\/strong>, et a vous sentir <strong>calme<\/strong> et <strong>confiante<\/strong><br>\u2013 rentrer en contact avec votre <strong>corps en transformation<\/strong> \u00e0 travers ses nouvelles sensations<br>\u2013 vous <strong>connecter<\/strong> a votre <strong>b\u00e9b\u00e9<\/strong> \u00e0 travers votre corps et votre esprit.<\/p>\n\n\n\n<p><strong>Comment?<\/strong><br>Nous utiliserons les techniques suivantes:<br>\u2013 des exercices de <strong>respiration<\/strong> (parfois combin\u00e9s \u00e0 des <strong>mouvements doux<\/strong>)<br>\u2013 des techniques de <strong>relaxation<\/strong><br>\u2013 des techniques de <strong>visualisation<\/strong> et de <strong>m\u00e9ditation<\/strong>.<\/p>\n\n\n\n<p>N.B: Cet atelier est ouvert a toutes les futures mamans a partir du milieu de leur deuxi\u00e8me trimestre de grossesse.<\/p>\n\n\n\n<p>Je propose \u00e9galement des <strong>s\u00e9ances individuelles<\/strong> pour un suivi tr\u00e8s <strong>personnalis\u00e9<\/strong>!<\/p>\n\n\n\n<p>Informations et inscriptions sur <a href=\"mailto:info@experiencesophro.com\">info@experiencesophro.com<\/a><\/p>\n\n\n\n<p><strong>Prochain atelier en fran\u00e7ais ou en anglais:<\/strong><\/p>\n\n\n\n<ul><li><strong>Jeudi 19 f\u00e9vrier<\/strong>, de 19h \u00e0 20h30 (en ligne)<\/li><li><strong>Lien d&rsquo;inscription:<\/strong> https:\/\/www.eventbrite.fr\/e\/sophrology-and-pregnancy-body-and-mind-preparation-workshop-for-moms-to-be-tickets-1981303239324?aff=oddtdtcreator<\/li><\/ul>\n\n\n\n<p><strong>3 \u00e0 8 places<\/strong>&nbsp;maximum par atelier pour un meilleur accompagnement des participantes.<\/p>\n\n\n\n<p><strong>Tarifs (TTC)&nbsp;:<\/strong>&nbsp;<em>En ligne<\/em>, <strong>12\u20ac<\/strong> par personne.<em> En ext\u00e9rieur<\/em>, <strong>14\u20ac<\/strong> par personne. <em>En<\/em> <em>pr\u00e9sentiel<\/em>, <strong>17\u20ac<\/strong> par personne.<\/p>\n\n\n\n<p>(Le processus d\u2019inscription est rappel\u00e9 dans le<a href=\"http:\/\/experiencesophro.com\/index.php\/calendrier-des-ateliers-a-venir\/\">&nbsp;Calendrier des Ateliers<\/a>&nbsp;ainsi que dans les&nbsp;<a href=\"http:\/\/experiencesophro.com\/index.php\/mentions-legales\/\">Conditions G\u00e9n\u00e9rales du site<\/a>).<\/p>\n\n\n\n<div class=\"wp-block-image\"><figure class=\"aligncenter size-large\"><img loading=\"lazy\" width=\"240\" height=\"180\" src=\"http:\/\/experiencesophro.com\/wp-content\/uploads\/2021\/02\/grossesse-perinatalite.png\" alt=\"\" class=\"wp-image-1098\"\/><\/figure><\/div>\n","protected":false},"excerpt":{"rendered":"<p>Si vous \u00eates enceinte et cherchez un mode de pr\u00e9paration \u00e0 la maternit\u00e9 alliant corps et esprit, cet atelier est fait pour vous! Cette s\u00e9ance d&rsquo;introduction vous permettra de faire l&rsquo;exp\u00e9rience des bienfaits de la Sophrologie: une m\u00e9thode et une&#8230; <a href=\"https:\/\/experiencesophro.com\/index.php\/atelier-decouverte-futures-mamans\/\" class=\"readmore\">Read more<span class=\"screen-reader-text\">Sophrologie &#038; Grossesse: Atelier D\u00e9couverte &lsquo;Futures Mamans&rsquo;<\/span><span class=\"fa fa-angle-double-right\" aria-hidden=\"true\"><\/span><\/a><\/p>\n","protected":false},"author":1,"featured_media":0,"parent":0,"menu_order":0,"comment_status":"closed","ping_status":"closed","template":"","meta":[],"_links":{"self":[{"href":"https:\/\/experiencesophro.com\/index.php\/wp-json\/wp\/v2\/pages\/1097"}],"collection":[{"href":"https:\/\/experiencesophro.com\/index.php\/wp-json\/wp\/v2\/pages"}],"about":[{"href":"https:\/\/experiencesophro.com\/index.php\/wp-json\/wp\/v2\/types\/page"}],"author":[{"embeddable":true,"href":"https:\/\/experiencesophro.com\/index.php\/wp-json\/wp\/v2\/users\/1"}],"replies":[{"embeddable":true,"href":"https:\/\/experiencesophro.com\/index.php\/wp-json\/wp\/v2\/comments?post=1097"}],"version-history":[{"count":40,"href":"https:\/\/experiencesophro.com\/index.php\/wp-json\/wp\/v2\/pages\/1097\/revisions"}],"predecessor-version":[{"id":1692,"href":"https:\/\/experiencesophro.com\/index.php\/wp-json\/wp\/v2\/pages\/1097\/revisions\/1692"}],"wp:attachment":[{"href":"https:\/\/experiencesophro.com\/index.php\/wp-json\/wp\/v2\/media?parent=1097"}],"curies":[{"name":"wp","href":"https:\/\/api.w.org\/{rel}","templated":true}]}}