{"id":113,"date":"2018-08-25T20:34:27","date_gmt":"2018-08-25T18:34:27","guid":{"rendered":"http:\/\/experiencesophro.com\/?page_id=113"},"modified":"2018-10-20T23:31:27","modified_gmt":"2018-10-20T21:31:27","slug":"la-sophro","status":"publish","type":"page","link":"https:\/\/experiencesophro.com\/index.php\/la-sophro\/","title":{"rendered":"La Sophrologie"},"content":{"rendered":"\n<p class=\"has-regular-font-size has-very-dark-gray-color\"> La sophrologie est une pratique psycho-corporelle qui vise<strong> l\u2019harmonisation du corps et de l\u2019esprit<\/strong> pour amener \u00e0 un mieux-\u00eatre g\u00e9n\u00e9ral, et am\u00e9liorer notre relation aux autres et au monde. <br\/><\/p>\n\n\n\n<div class=\"wp-block-image\"><figure class=\"alignright\"><img loading=\"lazy\" width=\"800\" height=\"532\" src=\"http:\/\/experiencesophro.com\/wp-content\/uploads\/2018\/10\/teaserbox_21943294-3.jpg\" alt=\"\" class=\"wp-image-464\" srcset=\"https:\/\/experiencesophro.com\/wp-content\/uploads\/2018\/10\/teaserbox_21943294-3.jpg 800w, https:\/\/experiencesophro.com\/wp-content\/uploads\/2018\/10\/teaserbox_21943294-3-300x200.jpg 300w, https:\/\/experiencesophro.com\/wp-content\/uploads\/2018\/10\/teaserbox_21943294-3-768x511.jpg 768w\" sizes=\"(max-width: 800px) 100vw, 800px\" \/><figcaption>La sophrologie, un retour \u00e0 son \u00eatre profond!<\/figcaption><\/figure><\/div>\n\n\n\n<p><\/p>\n\n\n\n<p style=\"color:#8d7bb5\"><a href=\"http:\/\/experiencesophro.com\/index.php\/la-sophro\/quest-ce-que-cest\/\">D\u00e9finition<\/a><\/p>\n\n\n\n<p style=\"color:#8d7bb5\"><a href=\"http:\/\/experiencesophro.com\/index.php\/la-sophro\/pourquoi-consulter\/\">Pourquoi Consulter?<\/a><\/p>\n","protected":false},"excerpt":{"rendered":"<p>La sophrologie est une pratique psycho-corporelle qui vise l\u2019harmonisation du corps et de l\u2019esprit pour amener \u00e0 un mieux-\u00eatre g\u00e9n\u00e9ral, et am\u00e9liorer notre relation aux autres et au monde. D\u00e9finition Pourquoi Consulter?<\/p>\n","protected":false},"author":1,"featured_media":0,"parent":0,"menu_order":0,"comment_status":"closed","ping_status":"closed","template":"","meta":[],"_links":{"self":[{"href":"https:\/\/experiencesophro.com\/index.php\/wp-json\/wp\/v2\/pages\/113"}],"collection":[{"href":"https:\/\/experiencesophro.com\/index.php\/wp-json\/wp\/v2\/pages"}],"about":[{"href":"https:\/\/experiencesophro.com\/index.php\/wp-json\/wp\/v2\/types\/page"}],"author":[{"embeddable":true,"href":"https:\/\/experiencesophro.com\/index.php\/wp-json\/wp\/v2\/users\/1"}],"replies":[{"embeddable":true,"href":"https:\/\/experiencesophro.com\/index.php\/wp-json\/wp\/v2\/comments?post=113"}],"version-history":[{"count":10,"href":"https:\/\/experiencesophro.com\/index.php\/wp-json\/wp\/v2\/pages\/113\/revisions"}],"predecessor-version":[{"id":636,"href":"https:\/\/experiencesophro.com\/index.php\/wp-json\/wp\/v2\/pages\/113\/revisions\/636"}],"wp:attachment":[{"href":"https:\/\/experiencesophro.com\/index.php\/wp-json\/wp\/v2\/media?parent=113"}],"curies":[{"name":"wp","href":"https:\/\/api.w.org\/{rel}","templated":true}]}}