{"id":169,"date":"2018-08-29T23:23:05","date_gmt":"2018-08-29T21:23:05","guid":{"rendered":"http:\/\/experiencesophro.com\/?page_id=169"},"modified":"2018-10-29T23:29:43","modified_gmt":"2018-10-29T22:29:43","slug":"pourquoi-consulter","status":"publish","type":"page","link":"https:\/\/experiencesophro.com\/index.php\/la-sophro\/pourquoi-consulter\/","title":{"rendered":"Pourquoi consulter?"},"content":{"rendered":"\n<p class=\"has-regular-font-size has-very-dark-gray-color\">La sophrologie peut \u00eatre pratiqu\u00e9e par tous, enfants (\u00e0 partir de 5 ans), adolescents et adultes. Ses champs d\u2019application sont vastes mais elle repr\u00e9sente une aide pr\u00e9cieuse et s\u2019av\u00e8re une m\u00e9thode tr\u00e8s efficace pour:<\/p>\n\n\n\n<p class=\"has-regular-font-size has-very-dark-gray-color\">R\u00e9duire le <strong>stress<\/strong> et l\u2019<strong>anxi\u00e9t\u00e9<\/strong>, apprendre \u00e0 l\u00e2cher prise<\/p>\n\n\n\n<p class=\"has-regular-font-size has-very-dark-gray-color\">R\u00e9duire les <strong>troubles du sommeil<\/strong><\/p>\n\n\n\n<p class=\"has-regular-font-size has-very-dark-gray-color\">Accompagner les personnes souffrant de <strong>d\u00e9pression<\/strong>, d\u2019<strong>\u00e9puisement<\/strong> <strong>professionnel<\/strong> (burnout)<\/p>\n\n\n\n<p class=\"has-regular-font-size has-very-dark-gray-color\">Accompagner les personnes connaissant une <strong>difficult\u00e9<\/strong> ou un <strong>changement de vie<\/strong> (deuil, s\u00e9paration, divorce, expatriation\u2026)<\/p>\n\n\n\n<p class=\"has-regular-font-size has-very-dark-gray-color\">Accompagner les personnes souffrant de <strong>phobies<\/strong> (peur des transports, de la foule, du groupe\u2026) et de <strong>TOC<\/strong> (Troubles Obsessionnels Compulsifs)<\/p>\n\n\n\n<p class=\"has-regular-font-size has-very-dark-gray-color\">Accompagner les personnes souffrant d\u2019<strong>acouph\u00e8nes<\/strong>, de <strong>douleurs<\/strong> <strong>chroniques<\/strong> (fibromyalgie), et d\u2019<strong>addictions<\/strong> (en compl\u00e9ment d\u2019un traitement m\u00e9dical)<\/p>\n\n\n\n<p class=\"has-regular-font-size has-very-dark-gray-color\">Accompagner un <strong>d\u00e9sir d\u2019enfant<\/strong> (parcours de PMA, infertilit\u00e9, st\u00e9rilit\u00e9)<\/p>\n\n\n\n<p class=\"has-regular-font-size has-very-dark-gray-color\">Se pr\u00e9parer \u00e0 l\u2019<strong>accueil<\/strong> et \u00e0 la <strong>naissance de son b\u00e9b\u00e9<\/strong> (grossesse, accouchement, post-partum)<\/p>\n\n\n\n<p class=\"has-regular-font-size has-very-dark-gray-color\">Se pr\u00e9parer \u00e0 un <strong>\u00e9v\u00e8nement redout\u00e9<\/strong> (comp\u00e9tition sportive, examen, entretien professionnel, prise de parole en public, op\u00e9ration\u00a0\/intervention chirurgicale\u2026)<\/p>\n\n\n\n<p class=\"has-regular-font-size has-very-dark-gray-color\">Am\u00e9liorer ses capacit\u00e9s de <strong>concentration<\/strong> et d\u2019<strong>attention<\/strong><\/p>\n\n\n\n<p class=\"has-regular-font-size has-very-dark-gray-color\">Retrouver <strong>confiance en soi<\/strong> et <strong>estime de soi<\/strong><\/p>\n\n\n\n<p><a href=\"http:\/\/experiencesophro.com\/index.php\/specialites\/\">Mes sp\u00e9cialit\u00e9s<\/a><br\/><\/p>\n","protected":false},"excerpt":{"rendered":"<p>La sophrologie peut \u00eatre pratiqu\u00e9e par tous, enfants (\u00e0 partir de 5 ans), adolescents et adultes. Ses champs d\u2019application sont vastes mais elle repr\u00e9sente une aide pr\u00e9cieuse et s\u2019av\u00e8re une m\u00e9thode tr\u00e8s efficace pour: R\u00e9duire le stress et l\u2019anxi\u00e9t\u00e9, apprendre&#8230; <a href=\"https:\/\/experiencesophro.com\/index.php\/la-sophro\/pourquoi-consulter\/\" class=\"readmore\">Read more<span class=\"screen-reader-text\">Pourquoi consulter?<\/span><span class=\"fa fa-angle-double-right\" aria-hidden=\"true\"><\/span><\/a><\/p>\n","protected":false},"author":1,"featured_media":0,"parent":113,"menu_order":0,"comment_status":"closed","ping_status":"closed","template":"","meta":[],"_links":{"self":[{"href":"https:\/\/experiencesophro.com\/index.php\/wp-json\/wp\/v2\/pages\/169"}],"collection":[{"href":"https:\/\/experiencesophro.com\/index.php\/wp-json\/wp\/v2\/pages"}],"about":[{"href":"https:\/\/experiencesophro.com\/index.php\/wp-json\/wp\/v2\/types\/page"}],"author":[{"embeddable":true,"href":"https:\/\/experiencesophro.com\/index.php\/wp-json\/wp\/v2\/users\/1"}],"replies":[{"embeddable":true,"href":"https:\/\/experiencesophro.com\/index.php\/wp-json\/wp\/v2\/comments?post=169"}],"version-history":[{"count":8,"href":"https:\/\/experiencesophro.com\/index.php\/wp-json\/wp\/v2\/pages\/169\/revisions"}],"predecessor-version":[{"id":710,"href":"https:\/\/experiencesophro.com\/index.php\/wp-json\/wp\/v2\/pages\/169\/revisions\/710"}],"up":[{"embeddable":true,"href":"https:\/\/experiencesophro.com\/index.php\/wp-json\/wp\/v2\/pages\/113"}],"wp:attachment":[{"href":"https:\/\/experiencesophro.com\/index.php\/wp-json\/wp\/v2\/media?parent=169"}],"curies":[{"name":"wp","href":"https:\/\/api.w.org\/{rel}","templated":true}]}}