{"id":182,"date":"2018-08-31T15:53:24","date_gmt":"2018-08-31T13:53:24","guid":{"rendered":"http:\/\/experiencesophro.com\/?page_id=182"},"modified":"2020-12-11T12:29:42","modified_gmt":"2020-12-11T11:29:42","slug":"la-perinatalite","status":"publish","type":"page","link":"https:\/\/experiencesophro.com\/index.php\/la-sophro\/la-perinatalite\/","title":{"rendered":"La P\u00e9rinatalit\u00e9"},"content":{"rendered":"\n<p class=\"has-very-dark-gray-color has-text-color has-regular-font-size\"><p class=\"has-regular-font-size has-very-dark-gray-color\">Le terme de <strong>p\u00e9rinatalit\u00e9<\/strong> correspond \u00e0 la p\u00e9riode qui va du d\u00e9sir d\u2019enfant au post-partum, en passant par la conception, la grossesse et l\u2019accouchement.<\/p><\/p>\n\n\n\n<p class=\"has-very-dark-gray-color has-text-color has-regular-font-size\"><p class=\"has-regular-font-size has-very-dark-gray-color\">Cette d\u00e9cision de donner la vie apporte un nouveau sens \u00e0 sa propre vie et \u00e0 celle du couple. Parfois, un <strong>d\u00e9sir d\u2019enfant<\/strong> ne vient pas n\u00e9cessairement se concr\u00e9tiser imm\u00e9diatement, et l\u2019attente est synonyme de frustration, d\u2019angoisse et d\u2019impuissance. Pour r\u00e9aliser leur d\u00e9sir de grossesse, certains couples doivent avoir recours \u00e0 la <strong>PMA<\/strong> (Procr\u00e9ation M\u00e9dicalement Assist\u00e9e) dans un univers tr\u00e8s m\u00e9dicalis\u00e9 avec des traitements tr\u00e8s lourds et tr\u00e8s contraignants. La sophrologie accompagne les femmes suivant ces traitements sp\u00e9cialis\u00e9s \u00e0 se d\u00e9tendre et \u00e0 reprendre en charge leur corps malmen\u00e9 et surinvesti. Elles se sentent davantage arm\u00e9es pour vivre plus sereinement les diff\u00e9rentes \u00e9tapes menant \u00e0 une \u00e9ventuelle grossesse.<\/p><\/p>\n\n\n\n<p class=\"has-very-dark-gray-color has-text-color has-regular-font-size\"><p class=\"has-regular-font-size has-very-dark-gray-color\">La <strong>grossesse<\/strong>, quant \u00e0 elle, engendre \u00e0 la fois des <strong>transformations<\/strong> physiques et physiologiques importantes ainsi que des perturbations psychiques et \u00e9motionnelles fortes (peur de la fausse couche ou de perdre le b\u00e9b\u00e9, crainte de ne pas \u00eatre une bonne m\u00e8re, angoisse de la douleur de l\u2019accouchement et de ne pas y arriver\u2026). La sophrologie est un outil pr\u00e9cieux pour se pr\u00e9parer au mieux \u00e0 cette \u00e9tape cruciale et initiatique dans la vie d\u2019une femme. Elle va permettre de&nbsp;:<\/p><\/p>\n\n\n\n<p class=\"has-very-dark-gray-color has-text-color has-regular-font-size\"><p class=\"has-regular-font-size has-very-dark-gray-color\">\u00e9vacuer le stress et retrouver un <strong>\u00e9tat de calme<\/strong> <\/p><\/p>\n\n\n\n<p class=\"has-very-dark-gray-color has-text-color has-regular-font-size\"><p class=\"has-regular-font-size has-very-dark-gray-color\">reprendre <strong>confiance<\/strong> en soi et en la vie <\/p><\/p>\n\n\n\n<p class=\"has-very-dark-gray-color has-text-color has-regular-font-size\"><p class=\"has-regular-font-size has-very-dark-gray-color\">accepter son corps en transformation, et int\u00e9grer les <strong>modifications<\/strong> dans son <strong>sch\u00e9ma corporel<\/strong> <\/p><\/p>\n\n\n\n<p class=\"has-very-dark-gray-color has-text-color has-regular-font-size\"><p class=\"has-regular-font-size has-very-dark-gray-color\">mieux g\u00e9rer les <strong>troubles physiologiques<\/strong> (naus\u00e9es, vomissements du d\u00e9but de grossesse, douleurs dorsales, essoufflements\u2026) <\/p><\/p>\n\n\n\n<p class=\"has-very-dark-gray-color has-text-color has-regular-font-size\"><p class=\"has-regular-font-size has-very-dark-gray-color\">mieux g\u00e9rer la <strong>douleur<\/strong> des contractions et vivre sereinement l\u2019<strong>accouchement<\/strong> (eutocique ou par c\u00e9sarienne) <\/p><\/p>\n\n\n\n<p class=\"has-very-dark-gray-color has-text-color has-regular-font-size\"><p class=\"has-regular-font-size has-very-dark-gray-color\">bien se pr\u00e9parer \u00e0 <strong>accueillir<\/strong> b\u00e9b\u00e9 <\/p><\/p>\n\n\n\n<p class=\"has-very-dark-gray-color has-text-color has-regular-font-size\"><p class=\"has-regular-font-size has-very-dark-gray-color\">bien se pr\u00e9parer \u00e0 l\u2019<strong>allaitement<\/strong> <\/p><\/p>\n\n\n\n<p class=\"has-very-dark-gray-color has-text-color has-regular-font-size\"><p class=\"has-regular-font-size has-very-dark-gray-color\">retrouver forme et <strong>vitalit\u00e9<\/strong> <\/p><\/p>\n\n\n\n<p class=\"has-very-dark-gray-color has-text-color has-regular-font-size\"><p class=\"has-regular-font-size has-very-dark-gray-color\">trouver sa place dans ses diff\u00e9rents <strong>r\u00f4les<\/strong> et <strong>postures<\/strong><\/p><\/p>\n\n\n\n<p class=\"has-very-dark-gray-color has-text-color has-regular-font-size\"><p class=\"has-regular-font-size has-very-dark-gray-color\">Je me propose donc de vous accompagner dans chacune de ces transformations, afin que vous puissiez, en \u00e9tant pleinement actrice, vivre activement ce moment.<\/p><\/p>\n\n\n\n<p class=\"has-very-dark-gray-color has-text-color has-regular-font-size\"><p class=\"has-regular-font-size has-very-dark-gray-color\">NB&nbsp;: La prise en charge sophrologique ne vient pas remplacer mais compl\u00e9ter la pr\u00e9paration d\u00e9livr\u00e9e par la sage-femme.<\/p><\/p>\n\n\n\n<ul class=\"wp-block-gallery columns-2 is-cropped\"><li class=\"blocks-gallery-item\">\n<figure><img loading=\"lazy\" class=\"wp-image-301 alignnone\" src=\"http:\/\/experiencesophro.com\/wp-content\/uploads\/2018\/09\/grossesse.jpg\" alt=\"\" width=\"399\" height=\"265\" data-id=\"301\" data-link=\"http:\/\/experiencesophro.com\/index.php\/la-sophro\/la-perinatalite\/grossesse\/\" srcset=\"https:\/\/experiencesophro.com\/wp-content\/uploads\/2018\/09\/grossesse.jpg 425w, https:\/\/experiencesophro.com\/wp-content\/uploads\/2018\/09\/grossesse-300x199.jpg 300w\" sizes=\"(max-width: 399px) 100vw, 399px\" \/><\/figure>\n<\/li><li class=\"blocks-gallery-item\">\n<figure><img loading=\"lazy\" class=\"wp-image-302\" src=\"http:\/\/experiencesophro.com\/wp-content\/uploads\/2018\/09\/Perinatalite-2.jpg\" alt=\"\" width=\"529\" height=\"219\" data-id=\"302\" data-link=\"http:\/\/experiencesophro.com\/index.php\/la-sophro\/la-perinatalite\/perinatalite-3\/\" srcset=\"https:\/\/experiencesophro.com\/wp-content\/uploads\/2018\/09\/Perinatalite-2.jpg 604w, https:\/\/experiencesophro.com\/wp-content\/uploads\/2018\/09\/Perinatalite-2-300x124.jpg 300w\" sizes=\"(max-width: 529px) 100vw, 529px\" \/><\/figure>\n<\/li><\/ul>\n\n\n\n<p><a href=\"http:\/\/experiencesophro.com\/index.php\/contact\/\">Prendre RDV<\/a><\/p>\n","protected":false},"excerpt":{"rendered":"<p>Le terme de p\u00e9rinatalit\u00e9 correspond \u00e0 la p\u00e9riode qui va du d\u00e9sir d\u2019enfant au post-partum, en passant par la conception, la grossesse et l\u2019accouchement. Cette d\u00e9cision de donner la vie apporte un nouveau sens \u00e0 sa propre vie et \u00e0&#8230; <a href=\"https:\/\/experiencesophro.com\/index.php\/la-sophro\/la-perinatalite\/\" class=\"readmore\">Read more<span class=\"screen-reader-text\">La P\u00e9rinatalit\u00e9<\/span><span class=\"fa fa-angle-double-right\" aria-hidden=\"true\"><\/span><\/a><\/p>\n","protected":false},"author":1,"featured_media":0,"parent":113,"menu_order":0,"comment_status":"closed","ping_status":"closed","template":"","meta":[],"_links":{"self":[{"href":"https:\/\/experiencesophro.com\/index.php\/wp-json\/wp\/v2\/pages\/182"}],"collection":[{"href":"https:\/\/experiencesophro.com\/index.php\/wp-json\/wp\/v2\/pages"}],"about":[{"href":"https:\/\/experiencesophro.com\/index.php\/wp-json\/wp\/v2\/types\/page"}],"author":[{"embeddable":true,"href":"https:\/\/experiencesophro.com\/index.php\/wp-json\/wp\/v2\/users\/1"}],"replies":[{"embeddable":true,"href":"https:\/\/experiencesophro.com\/index.php\/wp-json\/wp\/v2\/comments?post=182"}],"version-history":[{"count":9,"href":"https:\/\/experiencesophro.com\/index.php\/wp-json\/wp\/v2\/pages\/182\/revisions"}],"predecessor-version":[{"id":980,"href":"https:\/\/experiencesophro.com\/index.php\/wp-json\/wp\/v2\/pages\/182\/revisions\/980"}],"up":[{"embeddable":true,"href":"https:\/\/experiencesophro.com\/index.php\/wp-json\/wp\/v2\/pages\/113"}],"wp:attachment":[{"href":"https:\/\/experiencesophro.com\/index.php\/wp-json\/wp\/v2\/media?parent=182"}],"curies":[{"name":"wp","href":"https:\/\/api.w.org\/{rel}","templated":true}]}}