{"id":194,"date":"2018-09-05T17:15:12","date_gmt":"2018-09-05T15:15:12","guid":{"rendered":"http:\/\/experiencesophro.com\/?page_id=194"},"modified":"2019-01-30T10:53:55","modified_gmt":"2019-01-30T09:53:55","slug":"les-troubles-du-sommeil","status":"publish","type":"page","link":"https:\/\/experiencesophro.com\/index.php\/les-troubles-du-sommeil\/","title":{"rendered":"Les Troubles du Sommeil"},"content":{"rendered":"\r\n<p class=\"has-regular-font-size has-very-dark-gray-color\">Nous passons environ le tiers de notre vie \u00e0 dormir. Le sommeil fait partie des <strong>fonctions vitales<\/strong> de l\u2019organisme comme la respiration, la digestion ou l\u2019immunit\u00e9. On peut classifier les troubles du sommeil en 4 types:<\/p>\r\n\r\n\r\n\r\n<p class=\"has-regular-font-size has-very-dark-gray-color\">insomnie d\u2019endormissement<\/p>\r\n\r\n\r\n\r\n<p class=\"has-regular-font-size has-very-dark-gray-color\">r\u00e9veils nocturnes fr\u00e9quents<\/p>\r\n\r\n\r\n\r\n<p class=\"has-regular-font-size has-very-dark-gray-color\">insomnie du milieu de nuit (g\u00e9n\u00e9ralement vers 2 ou 3h du matin), et il est ensuite difficile de se rendormir<\/p>\r\n\r\n\r\n\r\n<p class=\"has-regular-font-size has-very-dark-gray-color\">insomnie de fin de nuit<\/p>\r\n\r\n\r\n\r\n<p class=\"has-regular-font-size\" style=\"color: #8d7bb5;\"><strong>Comment la sophrologie peut-elle vous aider \u00e0 am\u00e9liorer votre sommeil\u00a0?<\/strong><\/p>\r\n\r\n\r\n\r\n<p class=\"has-regular-font-size has-very-dark-gray-color\">Gr\u00e2ce \u00e0 diff\u00e9rents exercices de <strong>relaxation<\/strong> et de <strong>respiration<\/strong> profonde, la sophrologie vous aide \u00e0 lib\u00e9rer vos tensions, qui souvent viennent contrarier la venue du sommeil. Ce <strong>retour au calme<\/strong>, cette d\u00e9tente physique et mentale favorise un sommeil de bonne qualit\u00e9. La sophrologie aide \u00e9galement \u00e0 restaurer un imaginaire positif du sommeil et \u00e0 renforcer la confiance dans sa capacit\u00e9 \u00e0 bien dormir.<\/p>\r\n\r\n\r\n\r\n<p class=\"has-regular-font-size\" style=\"color: #8d7bb5;\"><strong>Comment vais-je intervenir en tant que sophrologue\u00a0?<\/strong><\/p>\r\n\r\n\r\n\r\n<p class=\"has-regular-font-size has-very-dark-gray-color\">Tout d\u2019abord, je m\u2019entretiendrai avec vous sur votre v\u00e9cu du sommeil, sur le d\u00e9roulement de vos journ\u00e9es, ainsi que sur votre environnement sensoriel, vos horaires, vos habitudes etc\u2026 Lors de notre premier rendez-vous, j\u2019\u00e9tablirai un programme de plusieurs s\u00e9ances ax\u00e9es sur 3 grandes composantes\u00a0: la <strong>respiration<\/strong> (basse et profonde, propice \u00e0 un bon sommeil), les exercices de <strong>d\u00e9tente<\/strong> (apprendre \u00e0 se d\u00e9connecter du quotidien et \u00e0 se laisser aller facilite le passage de l\u2019\u00e9veil au sommeil), et vos <strong>images positives<\/strong> personnelles\u00a0 (tout image de bien-\u00eatre g\u00e9n\u00e8rera en vous harmonie et calme).<\/p>\r\n\r\n\r\n\r\n<p class=\"has-regular-font-size has-very-dark-gray-color\">Je pourrai \u00e9galement proposer la mise en place d\u2019un \u00ab\u00a0rituel du coucher\u00a0\u00bb afin de mieux pr\u00e9parer vos nuits.<\/p>\r\n\r\n\r\n\r\n<ul class=\"wp-block-gallery columns-2 is-cropped\">\r\n \t<li class=\"blocks-gallery-item\">\r\n<figure><img loading=\"lazy\" class=\"wp-image-305\" src=\"http:\/\/experiencesophro.com\/wp-content\/uploads\/2018\/09\/170138619-99fd3a6c-0779-4f99-bd25-1198b12b337b-2.jpg\" alt=\"\" width=\"601\" height=\"380\" data-id=\"305\" data-link=\"http:\/\/experiencesophro.com\/index.php\/les-troubles-du-sommeil\/170138619-99fd3a6c-0779-4f99-bd25-1198b12b337b-3\/\" srcset=\"https:\/\/experiencesophro.com\/wp-content\/uploads\/2018\/09\/170138619-99fd3a6c-0779-4f99-bd25-1198b12b337b-2.jpg 885w, https:\/\/experiencesophro.com\/wp-content\/uploads\/2018\/09\/170138619-99fd3a6c-0779-4f99-bd25-1198b12b337b-2-300x190.jpg 300w, https:\/\/experiencesophro.com\/wp-content\/uploads\/2018\/09\/170138619-99fd3a6c-0779-4f99-bd25-1198b12b337b-2-768x486.jpg 768w\" sizes=\"(max-width: 601px) 100vw, 601px\" \/><\/figure>\r\n<\/li>\r\n \t<li class=\"blocks-gallery-item\">\r\n<figure><img loading=\"lazy\" width=\"400\" height=\"270\" class=\"wp-image-306\" src=\"http:\/\/experiencesophro.com\/wp-content\/uploads\/2018\/09\/soleil-nuages.png\" alt=\"\" data-id=\"306\" data-link=\"http:\/\/experiencesophro.com\/index.php\/les-troubles-du-sommeil\/soleil-nuages\/\" srcset=\"https:\/\/experiencesophro.com\/wp-content\/uploads\/2018\/09\/soleil-nuages.png 400w, https:\/\/experiencesophro.com\/wp-content\/uploads\/2018\/09\/soleil-nuages-300x203.png 300w\" sizes=\"(max-width: 400px) 100vw, 400px\" \/><\/figure>\r\n<\/li>\r\n<\/ul>\r\n\r\n\r\n\r\n\r\n<a href=\"http:\/\/experiencesophro.com\/index.php\/contact\/\">Prendre RDV<\/a>\r\n\r\n","protected":false},"excerpt":{"rendered":"<p>Nous passons environ le tiers de notre vie \u00e0 dormir. Le sommeil fait partie des fonctions vitales de l\u2019organisme comme la respiration, la digestion ou l\u2019immunit\u00e9. On peut classifier les troubles du sommeil en 4 types: insomnie d\u2019endormissement r\u00e9veils nocturnes&#8230; <a href=\"https:\/\/experiencesophro.com\/index.php\/les-troubles-du-sommeil\/\" class=\"readmore\">Read more<span class=\"screen-reader-text\">Les Troubles du Sommeil<\/span><span class=\"fa fa-angle-double-right\" aria-hidden=\"true\"><\/span><\/a><\/p>\n","protected":false},"author":1,"featured_media":0,"parent":0,"menu_order":0,"comment_status":"closed","ping_status":"closed","template":"","meta":[],"_links":{"self":[{"href":"https:\/\/experiencesophro.com\/index.php\/wp-json\/wp\/v2\/pages\/194"}],"collection":[{"href":"https:\/\/experiencesophro.com\/index.php\/wp-json\/wp\/v2\/pages"}],"about":[{"href":"https:\/\/experiencesophro.com\/index.php\/wp-json\/wp\/v2\/types\/page"}],"author":[{"embeddable":true,"href":"https:\/\/experiencesophro.com\/index.php\/wp-json\/wp\/v2\/users\/1"}],"replies":[{"embeddable":true,"href":"https:\/\/experiencesophro.com\/index.php\/wp-json\/wp\/v2\/comments?post=194"}],"version-history":[{"count":9,"href":"https:\/\/experiencesophro.com\/index.php\/wp-json\/wp\/v2\/pages\/194\/revisions"}],"predecessor-version":[{"id":787,"href":"https:\/\/experiencesophro.com\/index.php\/wp-json\/wp\/v2\/pages\/194\/revisions\/787"}],"wp:attachment":[{"href":"https:\/\/experiencesophro.com\/index.php\/wp-json\/wp\/v2\/media?parent=194"}],"curies":[{"name":"wp","href":"https:\/\/api.w.org\/{rel}","templated":true}]}}