{"id":274,"date":"2018-09-08T17:00:43","date_gmt":"2018-09-08T15:00:43","guid":{"rendered":"http:\/\/experiencesophro.com\/?page_id=274"},"modified":"2025-02-14T12:49:42","modified_gmt":"2025-02-14T11:49:42","slug":"tarifs","status":"publish","type":"page","link":"https:\/\/experiencesophro.com\/index.php\/contact\/tarifs\/","title":{"rendered":"Tarifs"},"content":{"rendered":"\n<p><strong><span style=\"color:#8d7bb5\" class=\"has-inline-color\">S\u00e9ances individuelles*:<\/span><\/strong><\/p>\n\n\n\n<p><strong>Adulte<\/strong> (60-70 min): <strong>65 <\/strong>euros (TTC)<\/p>\n\n\n\n<p><strong>Enfant \/ Adolescent<\/strong> (45 min): <strong>58 <\/strong>euros (TTC)<\/p>\n\n\n\n<p class=\"has-text-align-left\"><strong>Visio-consultation<\/strong> (adulte): <strong>62<\/strong> euros (TTC)<\/p>\n\n\n\n<p>*d\u00e9placements \u00e0 domicile possibles<\/p>\n\n\n\n<p><span style=\"\" class=\"has-inline-color\"><font color=\"#8d7bb5\"><b>Programme de Pr\u00e9paration \u00e0 la Maternit\u00e9 en individuel (<\/b><\/font><\/span><strong><span style=\"color:#8d7bb5\" class=\"has-inline-color\">s\u00e9ances de 60-70 min):<\/span><\/strong><\/p>\n\n\n\n<p><strong>En pr\u00e9sentiel<\/strong>: <strong>6<\/strong> s\u00e9ances pour<strong> 372<\/strong> euros,<strong> 8<\/strong> s\u00e9ances pour <strong>496<\/strong> euros (TTC)<\/p>\n\n\n\n<p><strong>En ligne<\/strong>: <strong>6<\/strong> s\u00e9ances pour <strong>360<\/strong> euros, <strong>8<\/strong> s\u00e9ances pour <strong>480<\/strong> euros (TTC)<\/p>\n\n\n\n<p><strong><span style=\"color:#8d7bb5\" class=\"has-inline-color\">Sophrologie et Fertilit\u00e9 (5 s\u00e9ances individuelles):<\/span><\/strong><\/p>\n\n\n\n<p><strong>En pr\u00e9sentiel <\/strong>(5h30):<strong> 341 <\/strong>euros (TTC)<\/p>\n\n\n\n<p><strong>En ligne<\/strong> (5h)\u00a0:<strong> 300 <\/strong>euros (TTC)<\/p>\n\n\n\n<p><strong><span style=\"color:#8d7bb5\" class=\"has-inline-color\">S\u00e9ances de groupe:<\/span><\/strong><\/p>\n\n\n\n<p>Atelier<strong> th\u00e9matique <\/strong>ou<strong> <\/strong>s\u00e9ance<strong> d&rsquo;initiation<\/strong> (60-75 min): <\/p>\n\n\n\n<p><strong>En pr\u00e9sentiel<\/strong>: <strong>17<\/strong> euros par personne (TTC)<\/p>\n\n\n\n<p><strong>En ligne<\/strong>: <strong>12 <\/strong>euros par personne (TTC)<\/p>\n\n\n\n<p><strong>En ext\u00e9rieur<\/strong>: <strong>14<\/strong> euros par personne (TTC) <\/p>\n\n\n\n<p>Atelier et s\u00e9minaire en institution ou en entreprise, merci de me contacter pour obtenir un devis.<\/p>\n\n\n\n<p><strong><span style=\"color:#8d7bb5\" class=\"has-inline-color\">Langues:<\/span><\/strong><\/p>\n\n\n\n<p>S\u00e9ances propos\u00e9es en <strong>fran\u00e7ais<\/strong> ou en <strong>anglais<\/strong>.<\/p>\n\n\n\n<p>Si vous souhaitez <strong>annuler une s\u00e9ance<\/strong> (individuelle ou de groupe), merci de me pr\u00e9venir <strong>au moins 24h<\/strong>&nbsp;\u00e0 l&rsquo;avance. Dans le cas contraire, le montant total de la s\u00e9ance sera d\u00fb. Merci de votre compr\u00e9hension!<\/p>\n\n\n\n<p><\/p>\n","protected":false},"excerpt":{"rendered":"<p>S\u00e9ances individuelles*: Adulte (60-70 min): 65 euros (TTC) Enfant \/ Adolescent (45 min): 58 euros (TTC) Visio-consultation (adulte): 62 euros (TTC) *d\u00e9placements \u00e0 domicile possibles Programme de Pr\u00e9paration \u00e0 la Maternit\u00e9 en individuel (s\u00e9ances de 60-70 min): En pr\u00e9sentiel: 6&#8230; <a href=\"https:\/\/experiencesophro.com\/index.php\/contact\/tarifs\/\" class=\"readmore\">Read more<span class=\"screen-reader-text\">Tarifs<\/span><span class=\"fa fa-angle-double-right\" aria-hidden=\"true\"><\/span><\/a><\/p>\n","protected":false},"author":1,"featured_media":0,"parent":74,"menu_order":0,"comment_status":"closed","ping_status":"closed","template":"","meta":[],"_links":{"self":[{"href":"https:\/\/experiencesophro.com\/index.php\/wp-json\/wp\/v2\/pages\/274"}],"collection":[{"href":"https:\/\/experiencesophro.com\/index.php\/wp-json\/wp\/v2\/pages"}],"about":[{"href":"https:\/\/experiencesophro.com\/index.php\/wp-json\/wp\/v2\/types\/page"}],"author":[{"embeddable":true,"href":"https:\/\/experiencesophro.com\/index.php\/wp-json\/wp\/v2\/users\/1"}],"replies":[{"embeddable":true,"href":"https:\/\/experiencesophro.com\/index.php\/wp-json\/wp\/v2\/comments?post=274"}],"version-history":[{"count":33,"href":"https:\/\/experiencesophro.com\/index.php\/wp-json\/wp\/v2\/pages\/274\/revisions"}],"predecessor-version":[{"id":1618,"href":"https:\/\/experiencesophro.com\/index.php\/wp-json\/wp\/v2\/pages\/274\/revisions\/1618"}],"up":[{"embeddable":true,"href":"https:\/\/experiencesophro.com\/index.php\/wp-json\/wp\/v2\/pages\/74"}],"wp:attachment":[{"href":"https:\/\/experiencesophro.com\/index.php\/wp-json\/wp\/v2\/media?parent=274"}],"curies":[{"name":"wp","href":"https:\/\/api.w.org\/{rel}","templated":true}]}}