{"id":66,"date":"2018-08-29T00:03:36","date_gmt":"2018-08-28T22:03:36","guid":{"rendered":"http:\/\/experiencesophro.com\/?page_id=66"},"modified":"2018-10-29T23:26:15","modified_gmt":"2018-10-29T22:26:15","slug":"qui-suis-je","status":"publish","type":"page","link":"https:\/\/experiencesophro.com\/index.php\/a-propos-de\/qui-suis-je\/","title":{"rendered":"Mon Parcours"},"content":{"rendered":"\n<p style=\"color:#8d7bb5\" class=\"has-regular-font-size\"><strong>Mon parcours personnel\u00a0:<\/strong><\/p>\n\n\n\n<p class=\"has-regular-font-size has-very-dark-gray-color\">Je me suis int\u00e9ress\u00e9e \u00e0 la sophrologie lorsque mon p\u00e8re est d\u00e9c\u00e9d\u00e9 d\u2019un cancer du poumon. Sa mort fut un v\u00e9ritable traumatisme pour moi\u00a0; je n\u2019y \u00e9tais pas pr\u00e9par\u00e9e, personne ne l\u2019est jamais face \u00e0 la disparition d\u2019un \u00eatre cher.<\/p>\n\n\n\n<p class=\"has-regular-font-size has-very-dark-gray-color\">J\u2019ai trouv\u00e9 dans la sophrologie un moyen d\u2019apaiser et de g\u00e9rer mes \u00e9motions, et avec l\u2019aide d\u2019un professionnel, j\u2019ai pu entamer un travail sur moi-m\u00eame, et suis parvenue \u00e0 faire le deuil, et \u00e0 accepter sa perte. J\u2019\u00e9tais en pleine p\u00e9riode de reconstruction, et je me suis rendue compte que j\u2019avais besoin d\u2019un mieux-\u00eatre personnel. La sophrologie m\u2019a aid\u00e9e \u00e0 retrouver mon \u00e9quilibre int\u00e9rieur apr\u00e8s cette p\u00e9riode de grand chamboulement.<\/p>\n\n\n\n<p class=\"has-regular-font-size has-very-dark-gray-color\">La sophrologie m\u2019a aussi \u00e9norm\u00e9ment servie dans mon projet de maternit\u00e9 et continue de m\u2019apporter au quotidien dans mon r\u00f4le de parent. Sa pratique est devenue pour moi comme une hygi\u00e8ne de vie. Qu\u2019il s\u2019agisse de petits exercices respiratoires, de relaxation corporelle ou mentale, elle me permet de rester solidement ancr\u00e9e dans le pr\u00e9sent, et d\u2019\u00eatre mieux arm\u00e9e pour faire face aux difficult\u00e9s de la vie.<\/p>\n\n\n\n<p style=\"color:#8d7bb5\" class=\"has-regular-font-size\"><strong>Mon parcours professionnel:<\/strong><\/p>\n\n\n\n<p class=\"has-regular-font-size has-very-dark-gray-color\"><strong>Sophrologue Praticien<\/strong> dipl\u00f4m\u00e9e de l\u2019ISP (Institut de Sophrologie de Paris), titre inscrit au <strong>RNCP<\/strong> (Registre National des Certifications Professionnelles en France):<\/p>\n\n\n\n<p class=\"has-regular-font-size has-very-dark-gray-color\">Certifi\u00e9e apr\u00e8s la formation de base de deux ans.<\/p>\n\n\n\n<p class=\"has-regular-font-size has-very-dark-gray-color\">Sp\u00e9cialis\u00e9e dans la <a href=\"http:\/\/experiencesophro.com\/index.php\/la-sophro\/la-perinatalite\/\"><strong>p\u00e9rinatalit\u00e9<\/strong><\/a>, la <a href=\"http:\/\/experiencesophro.com\/index.php\/la-sophro\/la-gestion-du-stress-et-le-burnout\/\"><strong>gestion du stress<\/strong> <strong>et le<\/strong> <strong>burnout<\/strong><\/a>, <a href=\"http:\/\/experiencesophro.com\/index.php\/la-sophro\/la-depression\/\"><strong>la<\/strong> <strong>d\u00e9pression<\/strong><\/a>, les <a href=\"http:\/\/experiencesophro.com\/index.php\/les-troubles-du-sommeil\/\"><strong>troubles du sommeil<\/strong><\/a>.<\/p>\n\n\n\n<p class=\"has-regular-font-size has-very-dark-gray-color\">Membre de la Soci\u00e9t\u00e9 Fran\u00e7aise de Sophrologie.<\/p>\n\n\n\n<p style=\"color:#8d7bb5\" class=\"has-regular-font-size\"><strong>Mes autres qualifications\u00a0:<\/strong><\/p>\n\n\n\n<p class=\"has-regular-font-size has-very-dark-gray-color\">Master en Langue, Litt\u00e9rature, et Civilisation Etrang\u00e8re (Anglais), Universit\u00e9 de Montpellier<br\/><\/p>\n\n\n\n<p class=\"has-regular-font-size has-very-dark-gray-color\">Professional Graduate Diploma in Education (Secondary Teaching &#8211; French), Glasgow University <br\/><\/p>\n\n\n\n<div class=\"wp-block-image\"><figure class=\"aligncenter is-resized\"><img loading=\"lazy\" src=\"http:\/\/experiencesophro.com\/wp-content\/uploads\/2018\/10\/40666631_1917863591604653_5729555891204653056_n.jpg\" alt=\"\" class=\"wp-image-453\" width=\"326\" height=\"435\" srcset=\"https:\/\/experiencesophro.com\/wp-content\/uploads\/2018\/10\/40666631_1917863591604653_5729555891204653056_n.jpg 720w, https:\/\/experiencesophro.com\/wp-content\/uploads\/2018\/10\/40666631_1917863591604653_5729555891204653056_n-225x300.jpg 225w\" sizes=\"(max-width: 326px) 100vw, 326px\" \/><\/figure><\/div>\n\n\n\n<p><a href=\"http:\/\/experiencesophro.com\/index.php\/la-sophro\/\">A propos de la Sophrologie<\/a><\/p>\n","protected":false},"excerpt":{"rendered":"<p>Mon parcours personnel\u00a0: Je me suis int\u00e9ress\u00e9e \u00e0 la sophrologie lorsque mon p\u00e8re est d\u00e9c\u00e9d\u00e9 d\u2019un cancer du poumon. Sa mort fut un v\u00e9ritable traumatisme pour moi\u00a0; je n\u2019y \u00e9tais pas pr\u00e9par\u00e9e, personne ne l\u2019est jamais face \u00e0 la disparition&#8230; <a href=\"https:\/\/experiencesophro.com\/index.php\/a-propos-de\/qui-suis-je\/\" class=\"readmore\">Read more<span class=\"screen-reader-text\">Mon Parcours<\/span><span class=\"fa fa-angle-double-right\" aria-hidden=\"true\"><\/span><\/a><\/p>\n","protected":false},"author":1,"featured_media":0,"parent":73,"menu_order":0,"comment_status":"closed","ping_status":"closed","template":"","meta":[],"_links":{"self":[{"href":"https:\/\/experiencesophro.com\/index.php\/wp-json\/wp\/v2\/pages\/66"}],"collection":[{"href":"https:\/\/experiencesophro.com\/index.php\/wp-json\/wp\/v2\/pages"}],"about":[{"href":"https:\/\/experiencesophro.com\/index.php\/wp-json\/wp\/v2\/types\/page"}],"author":[{"embeddable":true,"href":"https:\/\/experiencesophro.com\/index.php\/wp-json\/wp\/v2\/users\/1"}],"replies":[{"embeddable":true,"href":"https:\/\/experiencesophro.com\/index.php\/wp-json\/wp\/v2\/comments?post=66"}],"version-history":[{"count":11,"href":"https:\/\/experiencesophro.com\/index.php\/wp-json\/wp\/v2\/pages\/66\/revisions"}],"predecessor-version":[{"id":706,"href":"https:\/\/experiencesophro.com\/index.php\/wp-json\/wp\/v2\/pages\/66\/revisions\/706"}],"up":[{"embeddable":true,"href":"https:\/\/experiencesophro.com\/index.php\/wp-json\/wp\/v2\/pages\/73"}],"wp:attachment":[{"href":"https:\/\/experiencesophro.com\/index.php\/wp-json\/wp\/v2\/media?parent=66"}],"curies":[{"name":"wp","href":"https:\/\/api.w.org\/{rel}","templated":true}]}}