{"id":752,"date":"2018-11-10T13:52:49","date_gmt":"2018-11-10T12:52:49","guid":{"rendered":"http:\/\/experiencesophro.com\/?page_id=752"},"modified":"2020-11-16T22:28:15","modified_gmt":"2020-11-16T21:28:15","slug":"mentions-legales","status":"publish","type":"page","link":"https:\/\/experiencesophro.com\/index.php\/mentions-legales\/","title":{"rendered":"Mentions L\u00e9gales"},"content":{"rendered":"<p><strong>DELPHINE RICCIUTI SOPHROLOGY<\/strong><\/p>\n<p>KvK nr: 71842810<\/p>\n<p>BTW nr: NL002483164B09<\/p>\n<p>Site h\u00e9berg\u00e9 chez <strong>OVH<\/strong>:<br \/>\n2 rue Kellermann<br \/>\n59100 Roubaix<br \/>\nFrance<\/p>\n<h2><strong>CONDITIONS GENERALES\u00a0:<\/strong><\/h2>\n<p>Pour tout type de s\u00e9ance (individuelle, groupe, pr\u00e9sentiel ou visio-consultation), merci de bien vouloir me fournir votre num\u00e9ro de t\u00e9l\u00e9phone pour faciliter nos \u00e9changes ainsi que votre adresse postale pour la facturation.<\/p>\n<p><strong>R\u00e9servation d\u2019une s\u00e9ance individuelle\u00a0:<\/strong><\/p>\n<p>Pour toute s\u00e9ance individuelle (en pr\u00e9sentiel au Yoga Spot, Laan der Hesperiden 142, 1076 DX Amsterdam, tout comme en visio-consultation), merci de me contacter par mail ou par t\u00e9l\u00e9phone pour m\u2019exposer la nature de votre demande et prendre RDV.<\/p>\n<p>Pour les visio-consultations, je vous envoie facture et lien de paiement en amont de la s\u00e9ance (Tikkie possible pour les r\u00e9sidents n\u00e9erlandais, PayPal \/ carte bancaire pour tous les pays). La s\u00e9ance est confirm\u00e9e une fois le paiement re\u00e7u et l\u2019invitation Zoom vous est alors envoy\u00e9e.<\/p>\n<p>Pour les s\u00e9ances en pr\u00e9sentiel, la facture et le Tikkie vous sont envoy\u00e9s apr\u00e8s la s\u00e9ance.<\/p>\n<p><strong>Annulation d\u2019une s\u00e9ance individuelle\u00a0:<\/strong><\/p>\n<p>Si vous souhaitez annuler une s\u00e9ance, merci de me pr\u00e9venir au moins 24h \u00e0 l\u2019avance (pour les visio-consultations, un report de la s\u00e9ance ou un remboursement sont possibles). Dans le cas contraire, la s\u00e9ance sera factur\u00e9e, \u00e0 l\u2019exception des s\u00e9ances en pr\u00e9sentiel, si l\u2019annulation est li\u00e9e aux consignes de s\u00e9curit\u00e9 covid-19.<\/p>\n<p><strong>R\u00e9servation d\u2019une s\u00e9ance en atelier de groupe\u00a0:<\/strong><\/p>\n<p>Vous pouvez vous inscrire aux ateliers de groupe par mail via <a href=\"mailto:info@experiencesophro.com\">info@experiencesophro.com<\/a>.<\/p>\n<p>Je propose toujours plusieurs choix de dates pour chaque atelier donc merci de bien pr\u00e9ciser la date et l\u2019horaire de l\u2019atelier qui vous int\u00e9resse.<\/p>\n<p>En r\u00e9ponse, je reviendrai alors vers vous pour confirmer la place disponible \u00e0 l\u2019atelier avec une facture et un lien de paiement (Tikkie possible pour les r\u00e9sidents n\u00e9erlandais, sinon PayPal \/ carte bancaire pour tous pays).<\/p>\n<p>Une fois le paiement re\u00e7u, votre r\u00e9servation \u00e0 l\u2019atelier est confirm\u00e9e et je vous envoie l\u2019invitation ZOOM.<\/p>\n<p>Pour les ateliers en plusieurs s\u00e9ances, le paiement global de l\u2019atelier est demand\u00e9 avant la premi\u00e8re s\u00e9ance pour confirmer l\u2019inscription \u00e0 l\u2019atelier.<\/p>\n<p><strong>Annulation d\u2019une s\u00e9ance en atelier de groupe\u00a0:<\/strong><\/p>\n<p>Si vous souhaitez annuler une s\u00e9ance, merci de me pr\u00e9venir au moins 24h \u00e0 l\u2019avance. Dans le cas contraire, la s\u00e9ance sera factur\u00e9e. Ceci \u00e9tant, dans la mesure o\u00f9 je propose toujours plusieurs choix de dates pour un m\u00eame atelier, il vous est possible de changer de date s&rsquo;il reste des places disponibles pour d\u2019autres dates.<\/p>\n","protected":false},"excerpt":{"rendered":"<p>DELPHINE RICCIUTI SOPHROLOGY KvK nr: 71842810 BTW nr: NL002483164B09 Site h\u00e9berg\u00e9 chez OVH: 2 rue Kellermann 59100 Roubaix France CONDITIONS GENERALES\u00a0: Pour tout type de s\u00e9ance (individuelle, groupe, pr\u00e9sentiel ou visio-consultation), merci de bien vouloir me fournir votre num\u00e9ro de&#8230; <a href=\"https:\/\/experiencesophro.com\/index.php\/mentions-legales\/\" class=\"readmore\">Read more<span class=\"screen-reader-text\">Mentions L\u00e9gales<\/span><span class=\"fa fa-angle-double-right\" aria-hidden=\"true\"><\/span><\/a><\/p>\n","protected":false},"author":1,"featured_media":0,"parent":0,"menu_order":0,"comment_status":"closed","ping_status":"closed","template":"","meta":[],"_links":{"self":[{"href":"https:\/\/experiencesophro.com\/index.php\/wp-json\/wp\/v2\/pages\/752"}],"collection":[{"href":"https:\/\/experiencesophro.com\/index.php\/wp-json\/wp\/v2\/pages"}],"about":[{"href":"https:\/\/experiencesophro.com\/index.php\/wp-json\/wp\/v2\/types\/page"}],"author":[{"embeddable":true,"href":"https:\/\/experiencesophro.com\/index.php\/wp-json\/wp\/v2\/users\/1"}],"replies":[{"embeddable":true,"href":"https:\/\/experiencesophro.com\/index.php\/wp-json\/wp\/v2\/comments?post=752"}],"version-history":[{"count":15,"href":"https:\/\/experiencesophro.com\/index.php\/wp-json\/wp\/v2\/pages\/752\/revisions"}],"predecessor-version":[{"id":946,"href":"https:\/\/experiencesophro.com\/index.php\/wp-json\/wp\/v2\/pages\/752\/revisions\/946"}],"wp:attachment":[{"href":"https:\/\/experiencesophro.com\/index.php\/wp-json\/wp\/v2\/media?parent=752"}],"curies":[{"name":"wp","href":"https:\/\/api.w.org\/{rel}","templated":true}]}}