{"id":800,"date":"2020-05-27T22:26:51","date_gmt":"2020-05-27T20:26:51","guid":{"rendered":"http:\/\/experiencesophro.com\/?page_id=800"},"modified":"2020-05-27T23:10:28","modified_gmt":"2020-05-27T21:10:28","slug":"les-visio-consultations","status":"publish","type":"page","link":"https:\/\/experiencesophro.com\/index.php\/contact\/les-visio-consultations\/","title":{"rendered":"Les Visio-consultations"},"content":{"rendered":"<p style=\"text-align: left;\">En cette p\u00e9riode post-confinement, j&rsquo;\u00e9largis mon offre en vous proposant des <strong>s\u00e9ances \u00e0 distance<\/strong> via Skype, Zoom ou Whatsapp. La crise sanitaire actuelle \u00e9tant particuli\u00e8rement <strong>anxiog\u00e8ne<\/strong>, la sophrologie peut vous apporter les outils pour apprendre \u00e0 mieux g\u00e9rer votre <strong>stress<\/strong>, vos <strong>\u00e9motions<\/strong>, vos <strong>troubles du sommeil<\/strong>, et \u00e0 mieux vous <strong>adapter<\/strong> au quotidien \u00e0 cette situation in\u00e9dite.<\/p>\n<p style=\"text-align: left;\">N&rsquo;h\u00e9sitez pas \u00e0 me contacter pour plus d&rsquo;informations!<\/p>\n<p style=\"text-align: left;\"><strong>Rappel:<\/strong><\/p>\n<p style=\"text-align: left;\">Les s\u00e9ances en<strong> pr\u00e9sentiel<\/strong> sont possibles, mais uniquement en <strong>individuel<\/strong>, et dans le respect des <a href=\"http:\/\/experiencesophro.com\/index.php\/contact\/guide-pratique-covid-19\/\">mesures d\u2019hygi\u00e8ne et de protection en lien avec le coronavirus.<\/a><\/p>\n<figure style=\"width: 576px\" class=\"wp-caption alignnone\"><img loading=\"lazy\" class=\"n3VNCb\" src=\"https:\/\/i.pinimg.com\/originals\/05\/ae\/95\/05ae95e7f0acc1f7c33017a7e38c1566.jpg\" alt=\"Photo : Lever de soleil sur la campagne, France, Paysages, Ciel ...\" width=\"576\" height=\"384\" data-noaft=\"1\" \/><figcaption class=\"wp-caption-text\">Prenez un nouveau d\u00e9part!<\/figcaption><\/figure>\n","protected":false},"excerpt":{"rendered":"<p>En cette p\u00e9riode post-confinement, j&rsquo;\u00e9largis mon offre en vous proposant des s\u00e9ances \u00e0 distance via Skype, Zoom ou Whatsapp. La crise sanitaire actuelle \u00e9tant particuli\u00e8rement anxiog\u00e8ne, la sophrologie peut vous apporter les outils pour apprendre \u00e0 mieux g\u00e9rer votre stress,&#8230; <a href=\"https:\/\/experiencesophro.com\/index.php\/contact\/les-visio-consultations\/\" class=\"readmore\">Read more<span class=\"screen-reader-text\">Les Visio-consultations<\/span><span class=\"fa fa-angle-double-right\" aria-hidden=\"true\"><\/span><\/a><\/p>\n","protected":false},"author":1,"featured_media":0,"parent":74,"menu_order":0,"comment_status":"closed","ping_status":"closed","template":"","meta":[],"_links":{"self":[{"href":"https:\/\/experiencesophro.com\/index.php\/wp-json\/wp\/v2\/pages\/800"}],"collection":[{"href":"https:\/\/experiencesophro.com\/index.php\/wp-json\/wp\/v2\/pages"}],"about":[{"href":"https:\/\/experiencesophro.com\/index.php\/wp-json\/wp\/v2\/types\/page"}],"author":[{"embeddable":true,"href":"https:\/\/experiencesophro.com\/index.php\/wp-json\/wp\/v2\/users\/1"}],"replies":[{"embeddable":true,"href":"https:\/\/experiencesophro.com\/index.php\/wp-json\/wp\/v2\/comments?post=800"}],"version-history":[{"count":13,"href":"https:\/\/experiencesophro.com\/index.php\/wp-json\/wp\/v2\/pages\/800\/revisions"}],"predecessor-version":[{"id":842,"href":"https:\/\/experiencesophro.com\/index.php\/wp-json\/wp\/v2\/pages\/800\/revisions\/842"}],"up":[{"embeddable":true,"href":"https:\/\/experiencesophro.com\/index.php\/wp-json\/wp\/v2\/pages\/74"}],"wp:attachment":[{"href":"https:\/\/experiencesophro.com\/index.php\/wp-json\/wp\/v2\/media?parent=800"}],"curies":[{"name":"wp","href":"https:\/\/api.w.org\/{rel}","templated":true}]}}