{"id":821,"date":"2020-05-27T22:33:13","date_gmt":"2020-05-27T20:33:13","guid":{"rendered":"http:\/\/experiencesophro.com\/?page_id=821"},"modified":"2021-04-13T11:07:40","modified_gmt":"2021-04-13T09:07:40","slug":"guide-pratique-covid-19","status":"publish","type":"page","link":"https:\/\/experiencesophro.com\/index.php\/contact\/guide-pratique-covid-19\/","title":{"rendered":"Guide Pratique Covid-19"},"content":{"rendered":"<p><strong>Mesures d&rsquo;hygi\u00e8ne et de protection en lien avec le coronavirus Covid-19:<\/strong><\/p>\n<p>&#8211; Ne serrez pas la main.<\/p>\n<p>&#8211; Apportez votre serviette (\u00e9ventuellement une couverture) et votre bouteille d&rsquo;eau.<\/p>\n<p>&#8211; Lavez-vous les mains avant et apr\u00e8s la s\u00e9ance (savon et gel d\u00e9sinfectant \u00e0 disposition).<\/p>\n<p>&#8211; Toux et \u00e9ternuements dans le coude. Jetez les mouchoirs \u00e0 la poubelle directement apr\u00e8s usage.<\/p>\n<p>&#8211; Respectez en permanence une distance d&rsquo;au moins 1,5m.<\/p>\n<p>&#8211; Soyez pr\u00e9cis\u00e9ment \u00e0 l&rsquo;heure au rendez-vous (pour r\u00e9duire le temps d&rsquo;attente).<\/p>\n<p>&#8211; Le port du masque est obligatoire, au moins en arrivant et en partant.<\/p>\n<p>&#8211; En cas de fi\u00e8vre, de rhume, de troubles respiratoires, ou si un membre de votre foyer est malade, restez chez vous. Dans ce cas-l\u00e0, l&rsquo;annulation de votre RDV <strong>moins de 24h<\/strong> \u00e0 l&rsquo;avance est <strong>accept\u00e9e<\/strong> sans frais suppl\u00e9mentaires.<\/p>\n<p>&#8211; Paiement par virement bancaire uniquement.<\/p>\n<p>&#8211; Le lieu de consultation et les parties communes sont r\u00e9guli\u00e8rement d\u00e9sinfect\u00e9s et a\u00e9r\u00e9s.<\/p>\n","protected":false},"excerpt":{"rendered":"<p>Mesures d&rsquo;hygi\u00e8ne et de protection en lien avec le coronavirus Covid-19: &#8211; Ne serrez pas la main. &#8211; Apportez votre serviette (\u00e9ventuellement une couverture) et votre bouteille d&rsquo;eau. &#8211; Lavez-vous les mains avant et apr\u00e8s la s\u00e9ance (savon et gel&#8230; <a href=\"https:\/\/experiencesophro.com\/index.php\/contact\/guide-pratique-covid-19\/\" class=\"readmore\">Read more<span class=\"screen-reader-text\">Guide Pratique Covid-19<\/span><span class=\"fa fa-angle-double-right\" aria-hidden=\"true\"><\/span><\/a><\/p>\n","protected":false},"author":1,"featured_media":0,"parent":74,"menu_order":0,"comment_status":"closed","ping_status":"closed","template":"","meta":[],"_links":{"self":[{"href":"https:\/\/experiencesophro.com\/index.php\/wp-json\/wp\/v2\/pages\/821"}],"collection":[{"href":"https:\/\/experiencesophro.com\/index.php\/wp-json\/wp\/v2\/pages"}],"about":[{"href":"https:\/\/experiencesophro.com\/index.php\/wp-json\/wp\/v2\/types\/page"}],"author":[{"embeddable":true,"href":"https:\/\/experiencesophro.com\/index.php\/wp-json\/wp\/v2\/users\/1"}],"replies":[{"embeddable":true,"href":"https:\/\/experiencesophro.com\/index.php\/wp-json\/wp\/v2\/comments?post=821"}],"version-history":[{"count":5,"href":"https:\/\/experiencesophro.com\/index.php\/wp-json\/wp\/v2\/pages\/821\/revisions"}],"predecessor-version":[{"id":1151,"href":"https:\/\/experiencesophro.com\/index.php\/wp-json\/wp\/v2\/pages\/821\/revisions\/1151"}],"up":[{"embeddable":true,"href":"https:\/\/experiencesophro.com\/index.php\/wp-json\/wp\/v2\/pages\/74"}],"wp:attachment":[{"href":"https:\/\/experiencesophro.com\/index.php\/wp-json\/wp\/v2\/media?parent=821"}],"curies":[{"name":"wp","href":"https:\/\/api.w.org\/{rel}","templated":true}]}}